{"id":726,"date":"2019-01-07T19:04:41","date_gmt":"2019-01-07T18:04:41","guid":{"rendered":"http:\/\/new.kleinwaltersdorf-buergerhaus.de\/?page_id=726"},"modified":"2019-01-07T19:06:35","modified_gmt":"2019-01-07T18:06:35","slug":"anfahrt","status":"publish","type":"page","link":"https:\/\/kleinwaltersdorf.de\/index.php\/veranstaltungsraeume\/anfahrt\/","title":{"rendered":"Anfahrt"},"content":{"rendered":"<p style=\"font-weight: 400;\"><strong>Aus Richtung BA A4<br \/>\n<\/strong>Abfahrt Siebenlehn auf der B101 in Richtung Freiberg fahren. Unmittelbar nach dem Ortseingang Kleinwaltersdorf rechts in die Ortslage abbiegen\u00a0 und der Stra\u00dfe etwa 1 km folgen. Das B\u00fcrgerhaus befindet sich in Ortsmitte auf der rechten Seite.<\/p>\n<p style=\"font-weight: 400;\"><strong>Aus Richtung Dresden \/ Freiberg<br \/>\n<\/strong>Auf der B101 in Richtung Gro\u00dfschirma \/ BA A4 fahren. Unmittelbar nach dem Ortseingang Kleinwaltersdorf links in die Ortslage abbiegen\u00a0 und der Stra\u00dfe etwa 1 km folgen. Das B\u00fcrgerhaus befindet sich in Ortsmitte auf der rechten Seite.<\/p>\n<p style=\"font-weight: 400;\"><strong>Aus Richtung Chemnitz<br \/>\n<\/strong>Auf der B173 kurz vor dem Ortseingang Freiberg links abbiegen in Richtung Kleinschirma. 500m nach dem Bahn\u00fcbergang rechts abbiegen und der schmalen Verbindungsstra\u00dfe bis Kleinwaltersdorf folgen (ca. 2km). 400m nach dem Ortseingang Kleinwaltersdorf die Hainichener Stra\u00dfe queren und weiter bergab noch 1 km bis zur Ortsmitte fahren. Das B\u00fcrgerhaus befindet sich auf der linken Seite.<\/p>\n<p>B\u00fcrgerhaus Kleinwalterdorf<br \/>\nWalterstal 76<br \/>\n09599 Freiberg<br \/>\nOT Kleinwaltersdorf<\/p>\n","protected":false},"excerpt":{"rendered":"<p>Aus Richtung BA A4 Abfahrt Siebenlehn auf der B101 in Richtung Freiberg fahren. Unmittelbar nach dem Ortseingang Kleinwaltersdorf rechts in&hellip;<\/p>\n","protected":false},"author":1,"featured_media":0,"parent":721,"menu_order":0,"comment_status":"closed","ping_status":"closed","template":"","meta":{"footnotes":""},"_links":{"self":[{"href":"https:\/\/kleinwaltersdorf.de\/index.php\/wp-json\/wp\/v2\/pages\/726"}],"collection":[{"href":"https:\/\/kleinwaltersdorf.de\/index.php\/wp-json\/wp\/v2\/pages"}],"about":[{"href":"https:\/\/kleinwaltersdorf.de\/index.php\/wp-json\/wp\/v2\/types\/page"}],"author":[{"embeddable":true,"href":"https:\/\/kleinwaltersdorf.de\/index.php\/wp-json\/wp\/v2\/users\/1"}],"replies":[{"embeddable":true,"href":"https:\/\/kleinwaltersdorf.de\/index.php\/wp-json\/wp\/v2\/comments?post=726"}],"version-history":[{"count":3,"href":"https:\/\/kleinwaltersdorf.de\/index.php\/wp-json\/wp\/v2\/pages\/726\/revisions"}],"predecessor-version":[{"id":729,"href":"https:\/\/kleinwaltersdorf.de\/index.php\/wp-json\/wp\/v2\/pages\/726\/revisions\/729"}],"up":[{"embeddable":true,"href":"https:\/\/kleinwaltersdorf.de\/index.php\/wp-json\/wp\/v2\/pages\/721"}],"wp:attachment":[{"href":"https:\/\/kleinwaltersdorf.de\/index.php\/wp-json\/wp\/v2\/media?parent=726"}],"curies":[{"name":"wp","href":"https:\/\/api.w.org\/{rel}","templated":true}]}}