{"id":348,"date":"2018-08-27T21:11:41","date_gmt":"2018-08-27T19:11:41","guid":{"rendered":"http:\/\/new.kleinwaltersdorf-buergerhaus.de\/?page_id=348"},"modified":"2019-01-07T17:01:07","modified_gmt":"2019-01-07T16:01:07","slug":"palast-party-2009","status":"publish","type":"page","link":"https:\/\/kleinwaltersdorf.de\/index.php\/sonderveranstaltungen\/palast-party-2009\/","title":{"rendered":"Palast Party 2009"},"content":{"rendered":"<p><strong>Palast Party im B\u00fcrgerhaus Kleinwaltersdorf<\/strong><\/p>\n<p>Organisiert wurde diese Veranstaltung von der Tanzgruppe \u201eOrientalischer Tanz\u201c, die im TSV Schwarz \u2013 Wei\u00df Freiberg e.V. organisiert ist.<\/p>\n<p><a href=\"http:\/\/new.kleinwaltersdorf-buergerhaus.de\/wp-content\/uploads\/2019\/01\/2009_image_01-3.jpg\"><img decoding=\"async\" loading=\"lazy\" class=\"aligncenter size-full wp-image-694\" src=\"http:\/\/new.kleinwaltersdorf-buergerhaus.de\/wp-content\/uploads\/2019\/01\/2009_image_01-3.jpg\" alt=\"\" width=\"450\" height=\"299\" srcset=\"https:\/\/kleinwaltersdorf.de\/wp-content\/uploads\/2019\/01\/2009_image_01-3.jpg 450w, https:\/\/kleinwaltersdorf.de\/wp-content\/uploads\/2019\/01\/2009_image_01-3-300x199.jpg 300w\" sizes=\"(max-width: 450px) 100vw, 450px\" \/><\/a><\/p>\n<p>Nachdem im letzten Jahr die Orientalische Nacht gro\u00dfen Anklang gefunden hatte, wurde f\u00fcr dieses Jahr eine Palast Party vorbereitet. Der Saal wurde liebevoll und mit viel Engagement dekoriert, um f\u00fcr orientalisches Flair und Palaststimmung zu sorgen.<\/p>\n<p><a href=\"http:\/\/new.kleinwaltersdorf-buergerhaus.de\/wp-content\/uploads\/2019\/01\/2009_image_02-3.jpg\"><img decoding=\"async\" loading=\"lazy\" class=\"aligncenter size-full wp-image-696\" src=\"http:\/\/new.kleinwaltersdorf-buergerhaus.de\/wp-content\/uploads\/2019\/01\/2009_image_02-3.jpg\" alt=\"\" width=\"450\" height=\"299\" srcset=\"https:\/\/kleinwaltersdorf.de\/wp-content\/uploads\/2019\/01\/2009_image_02-3.jpg 450w, https:\/\/kleinwaltersdorf.de\/wp-content\/uploads\/2019\/01\/2009_image_02-3-300x199.jpg 300w\" sizes=\"(max-width: 450px) 100vw, 450px\" \/><\/a><\/p>\n<p>Der Abend wurde durch ein tolles Programm ausgestaltet. Verschiedene Bauchtanzgruppen und Solok\u00fcnstlerinnen verzauberten das Publikum.<\/p>\n","protected":false},"excerpt":{"rendered":"<p>Palast Party im B\u00fcrgerhaus Kleinwaltersdorf Organisiert wurde diese Veranstaltung von der Tanzgruppe \u201eOrientalischer Tanz\u201c, die im TSV Schwarz \u2013 Wei\u00df&hellip;<\/p>\n","protected":false},"author":1,"featured_media":0,"parent":24,"menu_order":0,"comment_status":"closed","ping_status":"closed","template":"","meta":{"footnotes":""},"_links":{"self":[{"href":"https:\/\/kleinwaltersdorf.de\/index.php\/wp-json\/wp\/v2\/pages\/348"}],"collection":[{"href":"https:\/\/kleinwaltersdorf.de\/index.php\/wp-json\/wp\/v2\/pages"}],"about":[{"href":"https:\/\/kleinwaltersdorf.de\/index.php\/wp-json\/wp\/v2\/types\/page"}],"author":[{"embeddable":true,"href":"https:\/\/kleinwaltersdorf.de\/index.php\/wp-json\/wp\/v2\/users\/1"}],"replies":[{"embeddable":true,"href":"https:\/\/kleinwaltersdorf.de\/index.php\/wp-json\/wp\/v2\/comments?post=348"}],"version-history":[{"count":3,"href":"https:\/\/kleinwaltersdorf.de\/index.php\/wp-json\/wp\/v2\/pages\/348\/revisions"}],"predecessor-version":[{"id":697,"href":"https:\/\/kleinwaltersdorf.de\/index.php\/wp-json\/wp\/v2\/pages\/348\/revisions\/697"}],"up":[{"embeddable":true,"href":"https:\/\/kleinwaltersdorf.de\/index.php\/wp-json\/wp\/v2\/pages\/24"}],"wp:attachment":[{"href":"https:\/\/kleinwaltersdorf.de\/index.php\/wp-json\/wp\/v2\/media?parent=348"}],"curies":[{"name":"wp","href":"https:\/\/api.w.org\/{rel}","templated":true}]}}