{"id":304,"date":"2018-08-27T20:55:22","date_gmt":"2018-08-27T18:55:22","guid":{"rendered":"http:\/\/new.kleinwaltersdorf-buergerhaus.de\/?page_id=304"},"modified":"2019-01-07T16:27:49","modified_gmt":"2019-01-07T15:27:49","slug":"hexenfeuer-2012","status":"publish","type":"page","link":"https:\/\/kleinwaltersdorf.de\/index.php\/hexenfeuer\/hexenfeuer-2012\/","title":{"rendered":"Hexenfeuer 2012"},"content":{"rendered":"<p><strong>Hexenfeuer in Kleinwaltersdorf am 30.04.2012<\/strong><\/p>\n<p>Bei phantastischen Wetterverh\u00e4ltnissen fand auch in diesem Jahr das Hexenfeuer in Kleinwaltersdorf statt. Leider musste aufgrund Mangels an Interesse die \u201eHexenkutschfahrt\u201c unserer kleinen Hexenmeister und Hexlein vom Kindergarten Kleinwaltersdorf auf den Sportplatz gestrichen werden. Schade!<\/p>\n<p><a href=\"http:\/\/new.kleinwaltersdorf-buergerhaus.de\/wp-content\/uploads\/2019\/01\/2012_image_01.jpg\"><img decoding=\"async\" loading=\"lazy\" class=\"aligncenter size-full wp-image-601\" src=\"http:\/\/new.kleinwaltersdorf-buergerhaus.de\/wp-content\/uploads\/2019\/01\/2012_image_01.jpg\" alt=\"\" width=\"450\" height=\"299\" srcset=\"https:\/\/kleinwaltersdorf.de\/wp-content\/uploads\/2019\/01\/2012_image_01.jpg 450w, https:\/\/kleinwaltersdorf.de\/wp-content\/uploads\/2019\/01\/2012_image_01-300x199.jpg 300w\" sizes=\"(max-width: 450px) 100vw, 450px\" \/><\/a><\/p>\n<p>Trotzdem hat der Heimat- und Kulturverein Kleinwaltersdorf e.V. all seine Hexen und Hexenmeister mobilisiert und wieder eine gelungene \u201eHexennacht\u201c geboten. Neben der von Kindern hei\u00df begehrten \u2013 vielleicht nicht gesunden \u2013 aber leckeren, schaurig-gr\u00fcnen Hexenbowle, sorgten die Organisatoren wieder mit flotter Musik, Bier, Wein, Fischbr\u00f6tchen, Bratwurst und erstmals auch Zwiebelkuchen und selbst gebackenem Brot f\u00fcr gute Unterhaltung und das leibliche Wohl seiner in reichlicher Zahl erschienen G\u00e4ste. Wer Lust hatte, konnte bei einem Ritt ums Feuer, dieses aus entspannter Position von allen Seiten bestaunen.<\/p>\n<p><a href=\"http:\/\/new.kleinwaltersdorf-buergerhaus.de\/wp-content\/uploads\/2019\/01\/2012_image_02.jpg\"><img decoding=\"async\" loading=\"lazy\" class=\"aligncenter size-full wp-image-602\" src=\"http:\/\/new.kleinwaltersdorf-buergerhaus.de\/wp-content\/uploads\/2019\/01\/2012_image_02.jpg\" alt=\"\" width=\"450\" height=\"299\" srcset=\"https:\/\/kleinwaltersdorf.de\/wp-content\/uploads\/2019\/01\/2012_image_02.jpg 450w, https:\/\/kleinwaltersdorf.de\/wp-content\/uploads\/2019\/01\/2012_image_02-300x199.jpg 300w\" sizes=\"(max-width: 450px) 100vw, 450px\" \/><\/a><\/p>\n<p>Wir danken allen freiwilligen und flei\u00dfigen Helfern, die uns beim Auf- und Abbau unterst\u00fctzt haben sowie der Feuerwehr Kleinwaltersdorf f\u00fcr die fachkundige Beaufsichtigung des Feuers.<br \/>Wir hoffen auch im Jahr 2013 auf ein Hexenfeuer mit zahlreichen G\u00e4sten in Kleinwaltersdorf!<\/p>\n<p>Der Heimat- und Kulturverein Kleinwaltersdorf e.V.<\/p>\n\n\n<ul class=\"wp-block-gallery columns-1 is-cropped wp-block-gallery-1 is-layout-flex wp-block-gallery-is-layout-flex\"><li class=\"blocks-gallery-item\"><figure><a href=\"http:\/\/new.kleinwaltersdorf-buergerhaus.de\/wp-content\/uploads\/2019\/01\/2012_image_03-1.jpg\"><img decoding=\"async\" loading=\"lazy\" width=\"450\" height=\"299\" src=\"http:\/\/new.kleinwaltersdorf-buergerhaus.de\/wp-content\/uploads\/2019\/01\/2012_image_03-1.jpg\" alt=\"\" data-id=\"611\" data-link=\"http:\/\/new.kleinwaltersdorf-buergerhaus.de\/index.php\/hexenfeuer\/hexenfeuer-2012\/2012_image_03-2\/\" class=\"wp-image-611\" srcset=\"https:\/\/kleinwaltersdorf.de\/wp-content\/uploads\/2019\/01\/2012_image_03-1.jpg 450w, https:\/\/kleinwaltersdorf.de\/wp-content\/uploads\/2019\/01\/2012_image_03-1-300x199.jpg 300w\" sizes=\"(max-width: 450px) 100vw, 450px\" \/><\/a><figcaption>Ein entspannter Ritt hoch zu Ross.<\/figcaption><\/figure><\/li><li class=\"blocks-gallery-item\"><figure><a href=\"http:\/\/new.kleinwaltersdorf-buergerhaus.de\/wp-content\/uploads\/2019\/01\/2012_image_04-1.jpg\"><img decoding=\"async\" loading=\"lazy\" width=\"450\" height=\"299\" src=\"http:\/\/new.kleinwaltersdorf-buergerhaus.de\/wp-content\/uploads\/2019\/01\/2012_image_04-1.jpg\" alt=\"\" data-id=\"612\" data-link=\"http:\/\/new.kleinwaltersdorf-buergerhaus.de\/index.php\/hexenfeuer\/hexenfeuer-2012\/2012_image_04-2\/\" class=\"wp-image-612\" srcset=\"https:\/\/kleinwaltersdorf.de\/wp-content\/uploads\/2019\/01\/2012_image_04-1.jpg 450w, https:\/\/kleinwaltersdorf.de\/wp-content\/uploads\/2019\/01\/2012_image_04-1-300x199.jpg 300w\" sizes=\"(max-width: 450px) 100vw, 450px\" \/><\/a><figcaption>Mit vereinten Kr\u00e4ften &#8211; es ist vollbracht!<\/figcaption><\/figure><\/li><li class=\"blocks-gallery-item\"><figure><a href=\"http:\/\/new.kleinwaltersdorf-buergerhaus.de\/wp-content\/uploads\/2019\/01\/2012_image_05-1.jpg\"><img decoding=\"async\" loading=\"lazy\" width=\"450\" height=\"299\" src=\"http:\/\/new.kleinwaltersdorf-buergerhaus.de\/wp-content\/uploads\/2019\/01\/2012_image_05-1.jpg\" alt=\"\" data-id=\"613\" data-link=\"http:\/\/new.kleinwaltersdorf-buergerhaus.de\/index.php\/hexenfeuer\/hexenfeuer-2012\/2012_image_05-2\/\" class=\"wp-image-613\" srcset=\"https:\/\/kleinwaltersdorf.de\/wp-content\/uploads\/2019\/01\/2012_image_05-1.jpg 450w, https:\/\/kleinwaltersdorf.de\/wp-content\/uploads\/2019\/01\/2012_image_05-1-300x199.jpg 300w\" sizes=\"(max-width: 450px) 100vw, 450px\" \/><\/a><figcaption>Rauch! Wo ist das Feuer?<\/figcaption><\/figure><\/li><li class=\"blocks-gallery-item\"><figure><a href=\"http:\/\/new.kleinwaltersdorf-buergerhaus.de\/wp-content\/uploads\/2019\/01\/2012_image_06-1.jpg\"><img decoding=\"async\" loading=\"lazy\" width=\"450\" height=\"300\" src=\"http:\/\/new.kleinwaltersdorf-buergerhaus.de\/wp-content\/uploads\/2019\/01\/2012_image_06-1.jpg\" alt=\"\" data-id=\"614\" data-link=\"http:\/\/new.kleinwaltersdorf-buergerhaus.de\/index.php\/hexenfeuer\/hexenfeuer-2012\/2012_image_06-2\/\" class=\"wp-image-614\" srcset=\"https:\/\/kleinwaltersdorf.de\/wp-content\/uploads\/2019\/01\/2012_image_06-1.jpg 450w, https:\/\/kleinwaltersdorf.de\/wp-content\/uploads\/2019\/01\/2012_image_06-1-300x200.jpg 300w\" sizes=\"(max-width: 450px) 100vw, 450px\" \/><\/a><figcaption>Ah, das Feuer!<\/figcaption><\/figure><\/li><li class=\"blocks-gallery-item\"><figure><a href=\"http:\/\/new.kleinwaltersdorf-buergerhaus.de\/wp-content\/uploads\/2019\/01\/2012_image_07-1.jpg\"><img decoding=\"async\" loading=\"lazy\" width=\"450\" height=\"299\" src=\"http:\/\/new.kleinwaltersdorf-buergerhaus.de\/wp-content\/uploads\/2019\/01\/2012_image_07-1.jpg\" alt=\"\" data-id=\"615\" data-link=\"http:\/\/new.kleinwaltersdorf-buergerhaus.de\/index.php\/hexenfeuer\/hexenfeuer-2012\/2012_image_07-2\/\" class=\"wp-image-615\" srcset=\"https:\/\/kleinwaltersdorf.de\/wp-content\/uploads\/2019\/01\/2012_image_07-1.jpg 450w, https:\/\/kleinwaltersdorf.de\/wp-content\/uploads\/2019\/01\/2012_image_07-1-300x199.jpg 300w\" sizes=\"(max-width: 450px) 100vw, 450px\" \/><\/a><figcaption>Die Zwiebelkuchen- und Brotb\u00e4cker am heimischen Ofen<\/figcaption><\/figure><\/li><li class=\"blocks-gallery-item\"><figure><a href=\"http:\/\/new.kleinwaltersdorf-buergerhaus.de\/wp-content\/uploads\/2019\/01\/2012_image_08-1.jpg\"><img decoding=\"async\" loading=\"lazy\" width=\"450\" height=\"299\" src=\"http:\/\/new.kleinwaltersdorf-buergerhaus.de\/wp-content\/uploads\/2019\/01\/2012_image_08-1.jpg\" alt=\"\" data-id=\"616\" data-link=\"http:\/\/new.kleinwaltersdorf-buergerhaus.de\/index.php\/hexenfeuer\/hexenfeuer-2012\/2012_image_08-2\/\" class=\"wp-image-616\" srcset=\"https:\/\/kleinwaltersdorf.de\/wp-content\/uploads\/2019\/01\/2012_image_08-1.jpg 450w, https:\/\/kleinwaltersdorf.de\/wp-content\/uploads\/2019\/01\/2012_image_08-1-300x199.jpg 300w\" sizes=\"(max-width: 450px) 100vw, 450px\" \/><\/a><figcaption>Lecker, schaurig-eklige Hexenkinderbowle \u2013 ein Renner bei den Kids \u2013 Horror f\u00fcr die Eltern!<\/figcaption><\/figure><\/li><\/ul>\n","protected":false},"excerpt":{"rendered":"<p>Hexenfeuer in Kleinwaltersdorf am 30.04.2012 Bei phantastischen Wetterverh\u00e4ltnissen fand auch in diesem Jahr das Hexenfeuer in Kleinwaltersdorf statt. Leider musste&hellip;<\/p>\n","protected":false},"author":1,"featured_media":0,"parent":21,"menu_order":0,"comment_status":"closed","ping_status":"closed","template":"","meta":{"footnotes":""},"_links":{"self":[{"href":"https:\/\/kleinwaltersdorf.de\/index.php\/wp-json\/wp\/v2\/pages\/304"}],"collection":[{"href":"https:\/\/kleinwaltersdorf.de\/index.php\/wp-json\/wp\/v2\/pages"}],"about":[{"href":"https:\/\/kleinwaltersdorf.de\/index.php\/wp-json\/wp\/v2\/types\/page"}],"author":[{"embeddable":true,"href":"https:\/\/kleinwaltersdorf.de\/index.php\/wp-json\/wp\/v2\/users\/1"}],"replies":[{"embeddable":true,"href":"https:\/\/kleinwaltersdorf.de\/index.php\/wp-json\/wp\/v2\/comments?post=304"}],"version-history":[{"count":4,"href":"https:\/\/kleinwaltersdorf.de\/index.php\/wp-json\/wp\/v2\/pages\/304\/revisions"}],"predecessor-version":[{"id":619,"href":"https:\/\/kleinwaltersdorf.de\/index.php\/wp-json\/wp\/v2\/pages\/304\/revisions\/619"}],"up":[{"embeddable":true,"href":"https:\/\/kleinwaltersdorf.de\/index.php\/wp-json\/wp\/v2\/pages\/21"}],"wp:attachment":[{"href":"https:\/\/kleinwaltersdorf.de\/index.php\/wp-json\/wp\/v2\/media?parent=304"}],"curies":[{"name":"wp","href":"https:\/\/api.w.org\/{rel}","templated":true}]}}