{"id":266,"date":"2018-08-09T16:18:56","date_gmt":"2018-08-09T14:18:56","guid":{"rendered":"http:\/\/new.kleinwaltersdorf-buergerhaus.de\/?page_id=266"},"modified":"2019-01-07T16:44:31","modified_gmt":"2019-01-07T15:44:31","slug":"fasching-2010","status":"publish","type":"page","link":"https:\/\/kleinwaltersdorf.de\/index.php\/fasching\/fasching-2010\/","title":{"rendered":"Fasching 2010"},"content":{"rendered":"<p><strong>Kleinwaltersdorfer Fasching am 20.02.2010 \u201eZirkus Prost\u201c<\/strong><\/p>\n<p>Nunmehr zum 10. mal hatte der Heimat- und Kulturverein Kleinwaltersdorf alle Faschingsfreunde in den Saal des B\u00fcrgerhauses gerufen, in diesem Jahr unter dem Motto \u201eZirkus Prost\u201c.<\/p>\n<p><a href=\"http:\/\/new.kleinwaltersdorf-buergerhaus.de\/wp-content\/uploads\/2018\/08\/2010_image_011.jpg\"><img decoding=\"async\" loading=\"lazy\" class=\"aligncenter wp-image-267 size-full\" src=\"http:\/\/new.kleinwaltersdorf-buergerhaus.de\/wp-content\/uploads\/2018\/08\/2010_image_011.jpg\" alt=\"\" width=\"450\" height=\"300\" srcset=\"https:\/\/kleinwaltersdorf.de\/wp-content\/uploads\/2018\/08\/2010_image_011.jpg 450w, https:\/\/kleinwaltersdorf.de\/wp-content\/uploads\/2018\/08\/2010_image_011-300x200.jpg 300w\" sizes=\"(max-width: 450px) 100vw, 450px\" \/><\/a><\/p>\n<p>Unter Beteiligung von neuen hoffnungsvollen \u201eGastk\u00fcnstlern\u201c und anderen bisher noch nicht entdeckten Schauspieltalenten aus dem Ort wurde in neuer Rekordzeit ein lustiges B\u00fchnenspektakel auf die Beine gestellt. Der Kunstsch\u00fctze erlegte unvorsichtigerweise einen Teil des B\u00fchnenpersonals, die Tierschau verwandelte sich in eine wilde Musikband, der einmalige Auftritt der Don-Kosaken war tats\u00e4chlich wortw\u00f6rtlich einmalig, der v\u00f6llig blinde Messerwerfer lie\u00df sein Opfer zwar am Leben, nagelte aber dessen Per\u00fccke an die Wurfwand.<a href=\"http:\/\/new.kleinwaltersdorf-buergerhaus.de\/wp-content\/uploads\/2018\/08\/2010_image_021.jpg\"><img decoding=\"async\" loading=\"lazy\" class=\"aligncenter wp-image-268 size-full\" src=\"http:\/\/new.kleinwaltersdorf-buergerhaus.de\/wp-content\/uploads\/2018\/08\/2010_image_021.jpg\" alt=\"\" width=\"450\" height=\"300\" srcset=\"https:\/\/kleinwaltersdorf.de\/wp-content\/uploads\/2018\/08\/2010_image_021.jpg 450w, https:\/\/kleinwaltersdorf.de\/wp-content\/uploads\/2018\/08\/2010_image_021-300x200.jpg 300w\" sizes=\"(max-width: 450px) 100vw, 450px\" \/><\/a><\/p>\n<p>Der russische Kraftsportler schmiedete im Schwei\u00dfe seines Angesichtes Rundeisen zu Kurbelwellen und weiter zu Buslenkern um und zu guter Letzt wurde nat\u00fcrlich auch eine Jungfrau zers\u00e4gt und wieder zusammen getackert.<\/p>\n<p>Abschlie\u00dfend gab es eine sehenswerte Einlage der T\u00e4nzerinnen und T\u00e4nzer von \u201eThe Shaking Boogies\u201c.<\/p>\n<p>Insgesamt erlebten alle Faschingsnarren wieder einen tollen und h\u00f6chst unterhaltsamen Faschingsabend.<\/p>\n<p>Heimat- und Kulturverein Kleinwaltersdorf e.V.<\/p>\n","protected":false},"excerpt":{"rendered":"<p>Kleinwaltersdorfer Fasching am 20.02.2010 \u201eZirkus Prost\u201c Nunmehr zum 10. mal hatte der Heimat- und Kulturverein Kleinwaltersdorf alle Faschingsfreunde in den&hellip;<\/p>\n","protected":false},"author":1,"featured_media":0,"parent":20,"menu_order":0,"comment_status":"closed","ping_status":"closed","template":"","meta":{"footnotes":""},"_links":{"self":[{"href":"https:\/\/kleinwaltersdorf.de\/index.php\/wp-json\/wp\/v2\/pages\/266"}],"collection":[{"href":"https:\/\/kleinwaltersdorf.de\/index.php\/wp-json\/wp\/v2\/pages"}],"about":[{"href":"https:\/\/kleinwaltersdorf.de\/index.php\/wp-json\/wp\/v2\/types\/page"}],"author":[{"embeddable":true,"href":"https:\/\/kleinwaltersdorf.de\/index.php\/wp-json\/wp\/v2\/users\/1"}],"replies":[{"embeddable":true,"href":"https:\/\/kleinwaltersdorf.de\/index.php\/wp-json\/wp\/v2\/comments?post=266"}],"version-history":[{"count":2,"href":"https:\/\/kleinwaltersdorf.de\/index.php\/wp-json\/wp\/v2\/pages\/266\/revisions"}],"predecessor-version":[{"id":651,"href":"https:\/\/kleinwaltersdorf.de\/index.php\/wp-json\/wp\/v2\/pages\/266\/revisions\/651"}],"up":[{"embeddable":true,"href":"https:\/\/kleinwaltersdorf.de\/index.php\/wp-json\/wp\/v2\/pages\/20"}],"wp:attachment":[{"href":"https:\/\/kleinwaltersdorf.de\/index.php\/wp-json\/wp\/v2\/media?parent=266"}],"curies":[{"name":"wp","href":"https:\/\/api.w.org\/{rel}","templated":true}]}}