{"id":234,"date":"2018-08-09T16:06:35","date_gmt":"2018-08-09T14:06:35","guid":{"rendered":"http:\/\/new.kleinwaltersdorf-buergerhaus.de\/?page_id=234"},"modified":"2019-01-07T16:40:51","modified_gmt":"2019-01-07T15:40:51","slug":"fasching-2015","status":"publish","type":"page","link":"https:\/\/kleinwaltersdorf.de\/index.php\/fasching\/fasching-2015\/","title":{"rendered":"Fasching 2015"},"content":{"rendered":"<p><strong>Es war eine tolle Gruselparty, der diesj\u00e4hrige Fasching am 14.02.2015 in Kleinwaltersdorf. Das Motto diesmal \u2013 \u201eDas Gruselschloss\u201c.<\/strong><\/p>\n<p><a href=\"http:\/\/new.kleinwaltersdorf-buergerhaus.de\/wp-content\/uploads\/2018\/08\/2015_image_011.jpg\"><img decoding=\"async\" loading=\"lazy\" class=\"aligncenter wp-image-246 size-full\" src=\"http:\/\/new.kleinwaltersdorf-buergerhaus.de\/wp-content\/uploads\/2018\/08\/2015_image_011.jpg\" alt=\"\" width=\"450\" height=\"299\" srcset=\"https:\/\/kleinwaltersdorf.de\/wp-content\/uploads\/2018\/08\/2015_image_011.jpg 450w, https:\/\/kleinwaltersdorf.de\/wp-content\/uploads\/2018\/08\/2015_image_011-300x199.jpg 300w\" sizes=\"(max-width: 450px) 100vw, 450px\" \/><\/a><\/p>\n<p>Das Gruseln begann schon beim Betreten des Saales, denn am Empfang sa\u00dfen Herr und Frau Vampir. Doch es sollte noch besser werden. So bewegten sich nicht nur die Augen eines Bildes, nein auch die wei\u00dfe Frau, der Sensenmann und der verstorbene Hausherr spukten was das Zeug hielt und brachten zumindest einige der \u00dcbernachtungsg\u00e4ste an ihre Grenzen.<\/p>\n<p><a href=\"http:\/\/new.kleinwaltersdorf-buergerhaus.de\/wp-content\/uploads\/2018\/08\/2015_image_021.jpg\"><img decoding=\"async\" loading=\"lazy\" class=\"aligncenter wp-image-247 size-full\" src=\"http:\/\/new.kleinwaltersdorf-buergerhaus.de\/wp-content\/uploads\/2018\/08\/2015_image_021.jpg\" alt=\"\" width=\"450\" height=\"299\" srcset=\"https:\/\/kleinwaltersdorf.de\/wp-content\/uploads\/2018\/08\/2015_image_021.jpg 450w, https:\/\/kleinwaltersdorf.de\/wp-content\/uploads\/2018\/08\/2015_image_021-300x199.jpg 300w\" sizes=\"(max-width: 450px) 100vw, 450px\" \/><\/a><\/p>\n<p>F\u00fcr ausgelassene Stimmung sorgte nat\u00fcrlich wieder die super ausgew\u00e4hlte Musik unseres DJ Robinson und der Auftritt des Stargastes.<\/p>\n<p>Wir sagen danke an die zahlreich erschienenen \u201eVampire\u201c, \u201eMonster\u201c, \u201eGespenster\u201c und \u201eGeister\u201c.<\/p>\n<p>Ein gro\u00dfer Dank gilt den flei\u00dfigen Helfern beim Vorbereiten der Br\u00f6tchen, schm\u00fccken des Saales und nicht zuletzt den Teams in der Bar und am Zapfhahn.<\/p>\n<p>Heimat- und Kulturverein Kleinwaltersdorf e.V.<\/p>\n","protected":false},"excerpt":{"rendered":"<p>Es war eine tolle Gruselparty, der diesj\u00e4hrige Fasching am 14.02.2015 in Kleinwaltersdorf. Das Motto diesmal \u2013 \u201eDas Gruselschloss\u201c. Das Gruseln&hellip;<\/p>\n","protected":false},"author":1,"featured_media":0,"parent":20,"menu_order":0,"comment_status":"closed","ping_status":"closed","template":"","meta":{"footnotes":""},"_links":{"self":[{"href":"https:\/\/kleinwaltersdorf.de\/index.php\/wp-json\/wp\/v2\/pages\/234"}],"collection":[{"href":"https:\/\/kleinwaltersdorf.de\/index.php\/wp-json\/wp\/v2\/pages"}],"about":[{"href":"https:\/\/kleinwaltersdorf.de\/index.php\/wp-json\/wp\/v2\/types\/page"}],"author":[{"embeddable":true,"href":"https:\/\/kleinwaltersdorf.de\/index.php\/wp-json\/wp\/v2\/users\/1"}],"replies":[{"embeddable":true,"href":"https:\/\/kleinwaltersdorf.de\/index.php\/wp-json\/wp\/v2\/comments?post=234"}],"version-history":[{"count":9,"href":"https:\/\/kleinwaltersdorf.de\/index.php\/wp-json\/wp\/v2\/pages\/234\/revisions"}],"predecessor-version":[{"id":643,"href":"https:\/\/kleinwaltersdorf.de\/index.php\/wp-json\/wp\/v2\/pages\/234\/revisions\/643"}],"up":[{"embeddable":true,"href":"https:\/\/kleinwaltersdorf.de\/index.php\/wp-json\/wp\/v2\/pages\/20"}],"wp:attachment":[{"href":"https:\/\/kleinwaltersdorf.de\/index.php\/wp-json\/wp\/v2\/media?parent=234"}],"curies":[{"name":"wp","href":"https:\/\/api.w.org\/{rel}","templated":true}]}}