{"id":1806,"date":"2025-01-05T10:44:34","date_gmt":"2025-01-05T09:44:34","guid":{"rendered":"https:\/\/kleinwaltersdorf-buergerhaus.de\/?page_id=1806"},"modified":"2025-03-02T09:50:14","modified_gmt":"2025-03-02T08:50:14","slug":"fahrrad-und-wanderrouten","status":"publish","type":"page","link":"https:\/\/kleinwaltersdorf.de\/index.php\/fahrrad-und-wanderrouten\/","title":{"rendered":"Fahrrad- und Wanderrouten"},"content":{"rendered":"\n<p>Kleinwaltersdorf und seine Umgebung bieten eine Vielzahl von wunderbaren Routen f\u00fcr Fahrrad- und Wanderausfl\u00fcge. Viele dieser Strecken wurden in der Vergangenheit im Rahmen des j\u00e4hrlichen Wandertags des Kleinwaltersdorfer SV ausgiebig getestet und f\u00fcr empfehlenswert befunden.<\/p>\n\n\n\n<p>Ab sofort stehen Ihnen alle Informationen zu diesen Routen \u2013 darunter L\u00e4nge, Dauer und Schwierigkeitsgrad \u2013 bequem \u00fcber Komoot zur Verf\u00fcgung. Nutzen Sie die folgenden Links, um die passende Tour f\u00fcr Ihr n\u00e4chstes Abenteuer zu entdecken:<\/p>\n\n\n\n<p><strong>Wanderrouten:<\/strong><br><strong><a href=\"https:\/\/www.komoot.com\/tour\/2006399511?share_token=a5Tkwf5kAEC8tb7Y0cs6I1RLt4gA1fgORLo2o9Xep9Hd1KXgrL&amp;ref=wtd\" data-type=\"link\" data-id=\"https:\/\/www.komoot.com\/tour\/2006399511?share_token=a5Tkwf5kAEC8tb7Y0cs6I1RLt4gA1fgORLo2o9Xep9Hd1KXgrL&amp;ref=wtd\">Zechenteich<\/a><\/strong><br><strong><a href=\"https:\/\/www.komoot.com\/tour\/2006408439?ref=itd&amp;share_token=aBAqIcNSJYetBbqFIDet53pwn8ryz6vqO7lrQso97E9GTPpchu&amp;ref=its\" data-type=\"link\" data-id=\"https:\/\/www.komoot.com\/tour\/2006408439?ref=itd&amp;share_token=aBAqIcNSJYetBbqFIDet53pwn8ryz6vqO7lrQso97E9GTPpchu&amp;ref=its\">Sch\u00fctzenhaus Wegefarth<\/a><\/strong><br><a href=\"https:\/\/www.komoot.com\/de-de\/tour\/1453609321?share_token=a6uBpgiOXBbRItHgKFK1O7a94NWPWcp4GKE9aygXxAR1KHZDoD&amp;ref=wtd#previewMap\" data-type=\"link\" data-id=\"https:\/\/www.komoot.com\/de-de\/tour\/1453609321?share_token=a6uBpgiOXBbRItHgKFK1O7a94NWPWcp4GKE9aygXxAR1KHZDoD&amp;ref=wtd#previewMap\"><strong>Halsbr\u00fccke-Runde<\/strong><\/a><br><a href=\"https:\/\/www.komoot.com\/de-de\/tour\/1097824063?share_token=awrHQFzxACd7R7G3SEP9KtcRey2L0vjvv1iVz0R2Oz8Xm7Cm2B&amp;ref=wtd\" data-type=\"link\" data-id=\"https:\/\/www.komoot.com\/de-de\/tour\/1097824063?share_token=awrHQFzxACd7R7G3SEP9KtcRey2L0vjvv1iVz0R2Oz8Xm7Cm2B&amp;ref=wtd\"><strong>Zechenteich &#8211; Schwarzer Teich<\/strong><\/a><br><strong><a href=\"https:\/\/www.komoot.com\/de-de\/tour\/2076199645\" data-type=\"link\" data-id=\"https:\/\/www.komoot.com\/de-de\/tour\/2076199645\">Hospital- und F\u00fcrstenwald<\/a><\/strong><\/p>\n\n\n\n<p><\/p>\n\n\n\n<p><strong>Fahrradrouten:<\/strong><br><strong><a href=\"https:\/\/www.komoot.com\/tour\/2006409874?ref=itd&amp;share_token=aL1MQtavyZXJjsmfddJ0blqAPBSEvtEhlfFQBQ6BH6PDXXcd1m&amp;ref=its\" data-type=\"link\" data-id=\"https:\/\/www.komoot.com\/tour\/2006409874?ref=itd&amp;share_token=aL1MQtavyZXJjsmfddJ0blqAPBSEvtEhlfFQBQ6BH6PDXXcd1m&amp;ref=its\">Sch\u00fctzenhaus Wegefarth<\/a><\/strong><br><strong><a href=\"https:\/\/www.komoot.com\/de-de\/tour\/41865355?share_token=aK3jrmQbTu7HwAJlTlsGziKZbuiqKP5jWxtCDBsPg3W5nKQfV1&amp;ref=wtd\" data-type=\"link\" data-id=\"https:\/\/www.komoot.com\/de-de\/tour\/41865355?share_token=aK3jrmQbTu7HwAJlTlsGziKZbuiqKP5jWxtCDBsPg3W5nKQfV1&amp;ref=wtd\">Freiberg &#8211; Halsbr\u00fccke &#8211; Gro\u00dfschirma<\/a><\/strong><br><strong><a href=\"https:\/\/www.komoot.com\/de-de\/tour\/39550336?share_token=a6GvJv5eU75qdXC16ijLmsiZJ8it6OIHgWJ59p4Uzj4gRwQjrZ&amp;ref=wtd\" data-type=\"link\" data-id=\"https:\/\/www.komoot.com\/de-de\/tour\/39550336?share_token=a6GvJv5eU75qdXC16ijLmsiZJ8it6OIHgWJ59p4Uzj4gRwQjrZ&amp;ref=wtd\">H\u00e4uersteigrunde<\/a><\/strong><br><strong><a href=\"https:\/\/www.komoot.com\/de-de\/tour\/1237075751?share_token=arvl591ZO558ijBP7XOY9sXpo4ZB79F1j0dSAFtfy2n3AhZH6B&amp;ref=wtd\" data-type=\"link\" data-id=\"https:\/\/www.komoot.com\/de-de\/tour\/1237075751?share_token=arvl591ZO558ijBP7XOY9sXpo4ZB79F1j0dSAFtfy2n3AhZH6B&amp;ref=wtd\">M\u00fcnzbachquelle<\/a><\/strong><br><strong><a href=\"https:\/\/www.komoot.com\/de-de\/tour\/76876651?share_token=a2DDmzHJXF5gu4R4AuzH3hpKwvseo1RGBgPXiN3Py9nffq2O4l&amp;ref=wtd\" data-type=\"link\" data-id=\"https:\/\/www.komoot.com\/de-de\/tour\/76876651?share_token=a2DDmzHJXF5gu4R4AuzH3hpKwvseo1RGBgPXiN3Py9nffq2O4l&amp;ref=wtd\">W\u00e4chterhaus<\/a><\/strong><br><strong><a href=\"https:\/\/www.komoot.com\/de-de\/tour\/68223346?share_token=aYur2wdcQA21ga88NmSp38N0mG88A5HBU6WMLrV34yK6OTgzYY&amp;ref=wtd\" data-type=\"link\" data-id=\"https:\/\/www.komoot.com\/de-de\/tour\/68223346?share_token=aYur2wdcQA21ga88NmSp38N0mG88A5HBU6WMLrV34yK6OTgzYY&amp;ref=wtd\">Freiberger Zentrum<\/a><\/strong><br><strong><a href=\"https:\/\/www.komoot.com\/de-de\/tour\/45194620?share_token=aRTrY9sl19yz10Yowm65bgttfdBriYB68bJ3S62qGbE2ZZAs5U&amp;ref=wtd\" data-type=\"link\" data-id=\"https:\/\/www.komoot.com\/de-de\/tour\/45194620?share_token=aRTrY9sl19yz10Yowm65bgttfdBriYB68bJ3S62qGbE2ZZAs5U&amp;ref=wtd\">Alpakafarm Memmendorf<\/a><\/strong><br><strong><a href=\"https:\/\/www.komoot.com\/de-de\/tour\/42341140?share_token=aFU9qQqCVp5aOjeRg5qjCNb3Y3i6adXVQJmzcfk8vE9aq9nWRV&amp;ref=wtd\" data-type=\"link\" data-id=\"https:\/\/www.komoot.com\/de-de\/tour\/42341140?share_token=aFU9qQqCVp5aOjeRg5qjCNb3Y3i6adXVQJmzcfk8vE9aq9nWRV&amp;ref=wtd\">Waldcaf\u00e9 &#8211; Netto<\/a><\/strong><br><strong><a href=\"https:\/\/www.komoot.com\/de-de\/tour\/39641064?share_token=aVncJbFIzV6ipScEHKR642bMt75D8YbU3lHcakEK0ZSpFKgPk6&amp;ref=wtd\" data-type=\"link\" data-id=\"https:\/\/www.komoot.com\/de-de\/tour\/39641064?share_token=aVncJbFIzV6ipScEHKR642bMt75D8YbU3lHcakEK0ZSpFKgPk6&amp;ref=wtd\">Waltersbachtal &#8211; Schloss Freudenstein<\/a><\/strong><\/p>\n\n\n\n<p><\/p>\n\n\n\n<p>Sie haben eine neue Route entdeckt? Wir freuen uns, wenn Sie diese mit uns teilen, damit wir sie hier ver\u00f6ffentlichen k\u00f6nnen!<\/p>\n","protected":false},"excerpt":{"rendered":"<p>Kleinwaltersdorf und seine Umgebung bieten eine Vielzahl von wunderbaren Routen f\u00fcr Fahrrad- und Wanderausfl\u00fcge. Viele dieser Strecken wurden in der&hellip;<\/p>\n","protected":false},"author":1,"featured_media":0,"parent":0,"menu_order":0,"comment_status":"closed","ping_status":"closed","template":"","meta":{"footnotes":""},"_links":{"self":[{"href":"https:\/\/kleinwaltersdorf.de\/index.php\/wp-json\/wp\/v2\/pages\/1806"}],"collection":[{"href":"https:\/\/kleinwaltersdorf.de\/index.php\/wp-json\/wp\/v2\/pages"}],"about":[{"href":"https:\/\/kleinwaltersdorf.de\/index.php\/wp-json\/wp\/v2\/types\/page"}],"author":[{"embeddable":true,"href":"https:\/\/kleinwaltersdorf.de\/index.php\/wp-json\/wp\/v2\/users\/1"}],"replies":[{"embeddable":true,"href":"https:\/\/kleinwaltersdorf.de\/index.php\/wp-json\/wp\/v2\/comments?post=1806"}],"version-history":[{"count":9,"href":"https:\/\/kleinwaltersdorf.de\/index.php\/wp-json\/wp\/v2\/pages\/1806\/revisions"}],"predecessor-version":[{"id":2014,"href":"https:\/\/kleinwaltersdorf.de\/index.php\/wp-json\/wp\/v2\/pages\/1806\/revisions\/2014"}],"wp:attachment":[{"href":"https:\/\/kleinwaltersdorf.de\/index.php\/wp-json\/wp\/v2\/media?parent=1806"}],"curies":[{"name":"wp","href":"https:\/\/api.w.org\/{rel}","templated":true}]}}