{"id":1695,"date":"2024-11-25T17:08:44","date_gmt":"2024-11-25T16:08:44","guid":{"rendered":"https:\/\/kleinwaltersdorf-buergerhaus.de\/?page_id=1695"},"modified":"2026-03-01T10:47:05","modified_gmt":"2026-03-01T09:47:05","slug":"kirche","status":"publish","type":"page","link":"https:\/\/kleinwaltersdorf.de\/index.php\/kirche\/","title":{"rendered":"Kirche"},"content":{"rendered":"\n<p><strong>Geschichte:<\/strong><br>Unsere Kirche wird erstmalig 1346 erw\u00e4hnt. Nach mehrmaligem Umbau entstand das heutige Geb\u00e4ude mit dem Kirchturm von 1889. Den 1555 vom Freiberger Steinmetz Andreas Lorenz geschaffenen Renaissance-Epitaphaltar stiftete der 1572 verstorbene Rittergutsbesitzer Ulrich Mordeisen. Die Orgel erbaute 1775 der Silbermannsch\u00fcler Adam Gottfried Oehme.<\/p>\n\n\n\n<p><strong>Unsere n\u00e4chsten Gottesdienste:<\/strong><\/p>\n\n\n\n<div class=\"wp-block-columns is-layout-flex wp-container-2 wp-block-columns-is-layout-flex\">\n<div class=\"wp-block-column is-layout-flow wp-block-column-is-layout-flow\" style=\"flex-basis:100%\">\n<figure class=\"wp-block-table\"><table><tbody><tr><td>Sonntag<\/td><td>15.03.2026<\/td><td>08:30 Uhr Predigtgottesdienst<\/td><\/tr><tr><td>Karfreitag<\/td><td>03.04.2025<\/td><td>15:00 Uhr Andacht zur Sterbestunde Jesus Christus<\/td><\/tr><tr><td>Sonntag<\/td><td>05.04.2026<\/td><td>10:00 Uhr Abendmahlsgottesdienst<\/td><\/tr><tr><td>Sonntag<\/td><td>19.04.2026<\/td><td>08:30 Uhr&nbsp;Predigtgottesdienst<\/td><\/tr><tr><td>Sonntag<\/td><td>03.05.2026<\/td><td>08:30 Uhr Abendmahlsgottesdienst<\/td><\/tr><tr><td>Sonntag<\/td><td>24.05.2026<\/td><td>18:00 Uhr Pfingstgottesdienst mit anschlie\u00dfendem Biergarten<\/td><\/tr><tr><td>Sonntag<\/td><td>31.05.2026<\/td><td>14:00 Uhr Abendmahlsgottesdienst mit Jubelkonfirmation<\/td><\/tr><\/tbody><\/table><\/figure>\n<\/div>\n<\/div>\n\n\n\n<p><strong>Hinweise: \u00a0<\/strong>Die Gottesdienste finden bis zum 15.03.2026 im Gemeinderaum des Pfarrhauses und ab Karfreitag wieder in der Kirche statt.<\/p>\n\n\n\n<p><strong>Bibelwoche<\/strong>:\u00a0Bibelabende am 03. und 05.03.2026, ab 19:30 Uhr mit Pfr. Geilhufe im Gemeinderaum des Pfarrhauses<\/p>\n\n\n\n<p><\/p>\n\n\n\n<p><strong>Projektchor&nbsp;<\/strong>(weitere Mits\u00e4nger sind willkommen): n\u00e4chste Probe-Termine (in der Regel am Donnerstag, ab 19:30 Uhr):&nbsp;derzeit keine Proben<\/p>\n\n\n\n<p><strong>Frauendienst:<\/strong><br>Einmal im Monat, n\u00e4chste Termine:\u00a004.03., 01.04. und 06.05.2026 ab 14:00 Uhr im Gemeinderaum des Pfarrhauses<\/p>\n\n\n\n<p><strong>Hauskreis:<\/strong><br>Der Hauskreis trifft sich in der Regel einmal im Monat bei einem Mitglied.<\/p>\n\n\n\n<p><strong>Pfarrerin:&nbsp;&nbsp;<\/strong>Hiltrud Anacker, Tel. 03731\/203920, E-Mail: hiltrud.anacker@evlks.de<\/p>\n\n\n\n<p><strong>Kirchenb\u00fcro im Amtshaus, Zum Herrenweg 4:&nbsp;<br><\/strong>Das B\u00fcro ist seit dem 1. Juli 2021 im Zuge des Aufbaus der zentralen Verwaltung des Kirchgemeindebundes geschlossen. Bei Fragen zum Friedhof wenden Sie sich bitte an Frau Ebersoldt in der Au\u00dfenstelle Gro\u00dfschirma, Tel. 037328\/147342. F\u00fcr andere Fragen steht Ihnen die Verwaltung am Untermarkt 1 in Freiberg zu den \u00d6ffnungszeiten zur Verf\u00fcgung, Tel. 03731\/211126&nbsp;&#8211;&nbsp;<a href=\"https:\/\/www.kirchgemeindebund-freiberg.de\/kontakte\" target=\"_blank\" rel=\"noreferrer noopener\">Link<\/a>.<\/p>\n\n\n\n<p style=\"font-size:12px\"><a href=\"http:\/\/www.freiberger-dom.de\/\"><u>Link zur Internetseite unserer Kirchgemeinde am Dom Freiberg<\/u><\/a><\/p>\n\n\n\n<div class=\"wp-block-file\"><a id=\"wp-block-file--media-decfe6be-596f-4200-834f-be53c33d11b1\" href=\"https:\/\/kleinwaltersdorf.de\/wp-content\/uploads\/2025\/03\/Friedhofsordnung-Klwd.-vom-25.10.2017-im-FG-Abl-am-26.01.2018.pdf\">Friedhofsordnung Kleinwaltersdorf im Amtsblatt der Stadt Freiberg am 26.01.2018<\/a><\/div>\n\n\n\n<div class=\"wp-block-file\"><a id=\"wp-block-file--media-fed260ca-802e-4529-8b21-7a00a1040670\" href=\"https:\/\/kleinwaltersdorf.de\/wp-content\/uploads\/2025\/03\/Auszug-aus-Amtsblatt-FG-am-30.4.2021-FGO.pdf\">Friedhofsgeb\u00fchrenordnung Auszug aus Amtsblatt FG am 30.4.2021 FGO<\/a><\/div>\n\n\n\n<p class=\"has-text-align-center\">Gott spricht: Siehe, ich mache alles neu!&nbsp;&nbsp;<br><em>Offenbarung 21,5 &#8211; Jahreslosung 202<\/em>6<\/p>\n\n\n\n<p><\/p>\n\n\n\n<p><strong>Wiederaufforstungsma\u00dfnahmen im Kirchenwald<\/strong><\/p>\n\n\n\n<p>Mit Bewilligungsbescheid des Staatsbetriebes Sachsenforst vom 18.02.2020 erhielt die Ev.-Luth. Kirchgemeinde Kleinwaltersdorf Zuwendungen f\u00fcr Wiederaufforstungsma\u00dfnahmen im Rahmen der F\u00f6rderrichtlinie Wald und Forstwirtschaft (RL WuF\/2014). Durch Kalamit\u00e4tsereignisse (Sturm, Nassschnee, Borkenk\u00e4fer) sind Freifl\u00e4chen im Kirchenwald entstanden. 3,6 ha davon werden nun mit den Baumarten Stileiche, Winterlinde, Hainbuche, Wei\u00dftanne und Bergahorn wieder aufgeforstet und vor Wildsch\u00e4den mit Z\u00e4unen bzw. Einzelschutz entsprechend gesch\u00fctzt. Die Wiederaufforstung dieser Fl\u00e4chen dient dem Waldumbau au\u00dferhalb von Schutzgebieten. Ma\u00dfnahmen im Rahmen der RL WuF\/2014 werden durch den Europ\u00e4ischen Landwirtschaftsfonds f\u00fcr die Entwicklung des l\u00e4ndlichen Raums (ELER) kofinanziert und auf Grundlage des vom S\u00e4chsischen Landtag beschlossenen Haushalts mit Steuermitteln unterst\u00fctzt.<\/p>\n\n\n<div class=\"wp-block-image\">\n<figure class=\"aligncenter\"><img decoding=\"async\" src=\"http:\/\/kleinwaltersdorf.de\/wp-content\/uploads\/2019\/09\/18-WuF_Waldumbau.png\" alt=\"\" class=\"wp-image-600\"\/><\/figure><\/div>\n\n\n<figure class=\"wp-block-gallery has-nested-images columns-default is-cropped wp-block-gallery-3 is-layout-flex wp-block-gallery-is-layout-flex\">\n<figure class=\"wp-block-image size-large\"><img decoding=\"async\" loading=\"lazy\" width=\"808\" height=\"1024\" data-id=\"1870\" src=\"https:\/\/kleinwaltersdorf.de\/wp-content\/uploads\/2025\/01\/Kirche-2-808x1024.jpg\" alt=\"\" class=\"wp-image-1870\" srcset=\"https:\/\/kleinwaltersdorf.de\/wp-content\/uploads\/2025\/01\/Kirche-2-808x1024.jpg 808w, https:\/\/kleinwaltersdorf.de\/wp-content\/uploads\/2025\/01\/Kirche-2-237x300.jpg 237w, https:\/\/kleinwaltersdorf.de\/wp-content\/uploads\/2025\/01\/Kirche-2-768x973.jpg 768w, https:\/\/kleinwaltersdorf.de\/wp-content\/uploads\/2025\/01\/Kirche-2-1213x1536.jpg 1213w, https:\/\/kleinwaltersdorf.de\/wp-content\/uploads\/2025\/01\/Kirche-2-1617x2048.jpg 1617w, https:\/\/kleinwaltersdorf.de\/wp-content\/uploads\/2025\/01\/Kirche-2-1600x2027.jpg 1600w, https:\/\/kleinwaltersdorf.de\/wp-content\/uploads\/2025\/01\/Kirche-2.jpg 1657w\" sizes=\"(max-width: 808px) 100vw, 808px\" \/><\/figure>\n\n\n\n<figure class=\"wp-block-image size-large\"><img decoding=\"async\" loading=\"lazy\" width=\"190\" height=\"241\" data-id=\"1869\" src=\"https:\/\/kleinwaltersdorf.de\/wp-content\/uploads\/2025\/01\/Orgel-2.jpg\" alt=\"\" class=\"wp-image-1869\"\/><\/figure>\n\n\n\n<figure class=\"wp-block-image size-large\"><img decoding=\"async\" loading=\"lazy\" width=\"768\" height=\"1024\" data-id=\"1872\" src=\"https:\/\/kleinwaltersdorf.de\/wp-content\/uploads\/2025\/01\/Altar-gross-V2-768x1024.jpg\" alt=\"\" class=\"wp-image-1872\" srcset=\"https:\/\/kleinwaltersdorf.de\/wp-content\/uploads\/2025\/01\/Altar-gross-V2-768x1024.jpg 768w, https:\/\/kleinwaltersdorf.de\/wp-content\/uploads\/2025\/01\/Altar-gross-V2-225x300.jpg 225w, https:\/\/kleinwaltersdorf.de\/wp-content\/uploads\/2025\/01\/Altar-gross-V2-1152x1536.jpg 1152w, https:\/\/kleinwaltersdorf.de\/wp-content\/uploads\/2025\/01\/Altar-gross-V2.jpg 1536w\" sizes=\"(max-width: 768px) 100vw, 768px\" \/><\/figure>\n\n\n\n<figure class=\"wp-block-image size-large\"><img decoding=\"async\" loading=\"lazy\" width=\"1024\" height=\"768\" data-id=\"1873\" src=\"https:\/\/kleinwaltersdorf.de\/wp-content\/uploads\/2025\/01\/Erntedank-2006-3-1024x768.jpg\" alt=\"\" class=\"wp-image-1873\" srcset=\"https:\/\/kleinwaltersdorf.de\/wp-content\/uploads\/2025\/01\/Erntedank-2006-3-1024x768.jpg 1024w, https:\/\/kleinwaltersdorf.de\/wp-content\/uploads\/2025\/01\/Erntedank-2006-3-300x225.jpg 300w, https:\/\/kleinwaltersdorf.de\/wp-content\/uploads\/2025\/01\/Erntedank-2006-3-768x576.jpg 768w, https:\/\/kleinwaltersdorf.de\/wp-content\/uploads\/2025\/01\/Erntedank-2006-3-1536x1152.jpg 1536w, https:\/\/kleinwaltersdorf.de\/wp-content\/uploads\/2025\/01\/Erntedank-2006-3-1600x1200.jpg 1600w, https:\/\/kleinwaltersdorf.de\/wp-content\/uploads\/2025\/01\/Erntedank-2006-3.jpg 2048w\" sizes=\"(max-width: 1024px) 100vw, 1024px\" \/><\/figure>\n\n\n\n<figure class=\"wp-block-image size-large\"><img decoding=\"async\" loading=\"lazy\" width=\"1024\" height=\"683\" data-id=\"1871\" src=\"https:\/\/kleinwaltersdorf.de\/wp-content\/uploads\/2025\/01\/Weihnacht2011-3-1600x1067-1-1024x683.jpg\" alt=\"\" class=\"wp-image-1871\" srcset=\"https:\/\/kleinwaltersdorf.de\/wp-content\/uploads\/2025\/01\/Weihnacht2011-3-1600x1067-1-1024x683.jpg 1024w, https:\/\/kleinwaltersdorf.de\/wp-content\/uploads\/2025\/01\/Weihnacht2011-3-1600x1067-1-300x200.jpg 300w, https:\/\/kleinwaltersdorf.de\/wp-content\/uploads\/2025\/01\/Weihnacht2011-3-1600x1067-1-768x512.jpg 768w, https:\/\/kleinwaltersdorf.de\/wp-content\/uploads\/2025\/01\/Weihnacht2011-3-1600x1067-1-1536x1024.jpg 1536w, https:\/\/kleinwaltersdorf.de\/wp-content\/uploads\/2025\/01\/Weihnacht2011-3-1600x1067-1.jpg 1600w\" sizes=\"(max-width: 1024px) 100vw, 1024px\" \/><\/figure>\n<\/figure>\n","protected":false},"excerpt":{"rendered":"<p>Geschichte:Unsere Kirche wird erstmalig 1346 erw\u00e4hnt. Nach mehrmaligem Umbau entstand das heutige Geb\u00e4ude mit dem Kirchturm von 1889. Den 1555&hellip;<\/p>\n","protected":false},"author":1,"featured_media":0,"parent":0,"menu_order":0,"comment_status":"closed","ping_status":"closed","template":"","meta":{"footnotes":""},"_links":{"self":[{"href":"https:\/\/kleinwaltersdorf.de\/index.php\/wp-json\/wp\/v2\/pages\/1695"}],"collection":[{"href":"https:\/\/kleinwaltersdorf.de\/index.php\/wp-json\/wp\/v2\/pages"}],"about":[{"href":"https:\/\/kleinwaltersdorf.de\/index.php\/wp-json\/wp\/v2\/types\/page"}],"author":[{"embeddable":true,"href":"https:\/\/kleinwaltersdorf.de\/index.php\/wp-json\/wp\/v2\/users\/1"}],"replies":[{"embeddable":true,"href":"https:\/\/kleinwaltersdorf.de\/index.php\/wp-json\/wp\/v2\/comments?post=1695"}],"version-history":[{"count":23,"href":"https:\/\/kleinwaltersdorf.de\/index.php\/wp-json\/wp\/v2\/pages\/1695\/revisions"}],"predecessor-version":[{"id":2241,"href":"https:\/\/kleinwaltersdorf.de\/index.php\/wp-json\/wp\/v2\/pages\/1695\/revisions\/2241"}],"wp:attachment":[{"href":"https:\/\/kleinwaltersdorf.de\/index.php\/wp-json\/wp\/v2\/media?parent=1695"}],"curies":[{"name":"wp","href":"https:\/\/api.w.org\/{rel}","templated":true}]}}